{"id":427,"date":"2021-02-01T21:20:24","date_gmt":"2021-02-01T21:20:24","guid":{"rendered":"http:\/\/javataste.de\/agb\/"},"modified":"2024-12-31T16:02:51","modified_gmt":"2024-12-31T15:02:51","slug":"agb","status":"publish","type":"page","link":"https:\/\/javataste.de\/en\/agb\/","title":{"rendered":"General Terms and Conditions"},"content":{"rendered":"<h1>Allgemeine Gesch\u00e4ftsbedingungen<\/h1>\n<h3>\u00a7 1 Geltung, Begriffsdefinitionen<\/h3>\n(1) JaVaTaste Asian (Indonesian) Shop, Inh. Fara Dina Septiani Devi, Moritzstr. 43, D-65185 Wiesbaden, Deutschland (im Folgenden: \u201ewir\u201c oder \u201eJaVaTaste\u201c) betreibt unter der Webseite www.javataste.de einen Online-Shop f\u00fcr Waren. Die nachfolgenden allgemeinen Gesch\u00e4ftsbedingungen gelten f\u00fcr alle Leistungen zwischen uns und unseren Kunden (im Folgenden: \u201eKunde\u201c oder \u201eSie\u201c) in ihrer zum Zeitpunkt der Bestellung g\u00fcltigen Fassung, soweit nicht etwas anderes ausdr\u00fccklich vereinbart wurde.\n\n(2) \u201eVerbraucher\u201c im Sinne dieser Gesch\u00e4ftsbedingungen ist jede nat\u00fcrliche Person, die ein Rechtsgesch\u00e4ft zu Zwecken abschlie\u00dft, die \u00fcberwiegend weder ihrer gewerblichen noch ihrer selbst\u00e4ndigen beruflichen T\u00e4tigkeit zugerechnet werden k\u00f6nnen. \u201eUnternehmer\u201c ist eine nat\u00fcrliche oder juristische Person oder eine rechtsf\u00e4hige Personengesellschaft, die bei Abschluss eines Rechtsgesch\u00e4fts in Aus\u00fcbung ihrer gewerblichen oder selbst\u00e4ndigen beruflichen T\u00e4tigkeit handelt, wobei eine rechtsf\u00e4hige Personengesellschaft eine Personengesellschaft ist, die mit der F\u00e4higkeit ausgestattet ist, Rechte zu erwerben und Verbindlichkeiten einzugehen.\n<h3>\u00a7 2 Zustandekommen der Vertr\u00e4ge, Speicherung des Vertragstextes<\/h3>\n(1) Die folgenden Regelungen \u00fcber den Vertragsabschluss gelten f\u00fcr Bestellungen \u00fcber unseren Online-Shop unter www.javataste.de.\n\n(2) Unsere Produktdarstellungen im Internet sind unverbindlich und kein verbindliches Angebot zum Abschluss eines Vertrages.\n\n(3) Bei Eingang einer Bestellung in unserem Online-Shop gelten folgende Regelungen: Der Kunde gibt ein bindendes Vertragsangebot ab, indem er die in unserem Online-Shop vorgesehene Bestellprozedur erfolgreich durchl\u00e4uft. Die Bestellung erfolgt in folgenden Schritten:\n<ol>\n \t<li>Auswahl der gew\u00fcnschten Ware,<\/li>\n \t<li>Hinzuf\u00fcgen der Produkte durch Anklicken des entsprechenden Buttons (z.B. \u201eIn den Warenkorb\u201c, \u201eIn die Einkaufstasche\u201c o.\u00e4.),<\/li>\n \t<li>Pr\u00fcfung der Angaben im Warenkorb,<\/li>\n \t<li>Aufrufen der Bestell\u00fcbersicht durch Anklicken des entsprechenden Buttons (z.B. \u201eWeiter zur Kasse\u201c, \u201eWeiter zur Zahlung\u201c, \u201eZur Bestell\u00fcbersicht\u201c o.\u00e4.),<\/li>\n \t<li>Eingabe\/Pr\u00fcfung der Adress- und Kontaktdaten, Auswahl der Zahlungsart, Best\u00e4tigung der AGB und Widerrufsbelehrung,<\/li>\n \t<li>Abschluss der Bestellung durch Bet\u00e4tigung des Buttons \u201eJetzt kaufen\u201c. Dies stellt Ihre verbindliche Bestellung dar.<\/li>\n \t<li>Der Vertrag kommt zustande, indem Ihnen innerhalb von drei Werktagen an die angegebene E-Mail-Adresse eine Bestellbest\u00e4tigung von uns zugeht.<\/li>\n<\/ol>\n(4) Im Falle des Vertragsschlusses kommt der Vertrag mit&nbsp;JaVaTaste Asian (Indonesian) Shop, Inh. Fara Dina Septiani Devi, Moritzstr. 43, D-65185 Wiesbaden, Deutschland zustande.\n\n(5) Vor der Bestellung k\u00f6nnen die Vertragsdaten \u00fcber die Druckfunktion des Browsers ausgedruckt oder elektronisch gesichert werden. Die Abwicklung der Bestellung und \u00dcbermittlung aller im Zusammenhang mit dem Vertragsschluss erforderlichen Informationen, insbesondere der Bestelldaten, der AGB und der Widerrufsbelehrung, erfolgt per E-Mail nach dem Ausl\u00f6sen der Bestellung durch Sie, zum Teil automatisiert. Wir speichern den Vertragstext nach Vertragsschluss nicht.\n\n(6) Eingabefehler k\u00f6nnen mittels der \u00fcblichen Tastatur-, Maus- und Browser-Funktionen (z.B. \u00bbZur\u00fcck-Button\u00ab des Browsers) berichtigt werden. Sie k\u00f6nnen auch dadurch berichtigt werden, dass Sie den Bestellvorgang vorzeitig abbrechen, das Browserfenster schlie\u00dfen und den Vorgang wiederholen.\n\n(7) Die Abwicklung der Bestellung und \u00dcbermittlung aller im Zusammenhang mit dem Vertragsschluss erforderlichen Informationen erfolgt per E-Mail zum Teil automatisiert. Sie haben deshalb sicherzustellen, dass die von Ihnen bei uns hinterlegte E-Mail-Adresse zutreffend ist, der Empfang der E-Mails technisch sichergestellt und insbesondere nicht durch SPAM-Filter verhindert wird.\n<h3>\u00a7 3 Gegenstand des Vertrages und wesentliche Merkmale der Produkte<\/h3>\n(1) Bei unserem Online-Shop ist Vertragsgegenstand:\n<ol style=\"list-style-type: lower-alpha\">\n \t<li>Der Verkauf von Waren. Die konkret angebotenen Waren k\u00f6nnen Sie unseren Artikelseiten entnehmen.<\/li>\n<\/ol>\n(2) Die wesentlichen Merkmale der Ware finden sich in der Artikelbeschreibung.\n\n(3) F\u00fcr den Verkauf digitaler Produkte gelten die aus der Produktbeschreibung ersichtlichen oder sich sonst aus den Umst\u00e4nden ergebenden Beschr\u00e4nkungen, insbesondere zu Hard- und\/oder Softwareanforderungen an die Zielumgebung. Wenn nicht ausdr\u00fccklich etwas anderes vereinbart ist, ist Vertragsgegenstand nur die&nbsp;private und gewerbliche Nutzung der Produkte ohne das Recht zur Weiterver\u00e4u\u00dferung oder Unterlizensierung.\n<h3>\u00a7 4 Preise, Versandkosten und Lieferung<\/h3>\n(1) Die in den jeweiligen Angeboten angef\u00fchrten Preise sowie die Versandkosten sind Gesamtpreise und beinhalten alle Preisbestandteile einschlie\u00dflich aller anfallenden Steuern.\n\n(2) Der jeweilige Kaufpreis ist vor der Lieferung des Produktes zu leisten (Vorkasse), es sei denn, wir bieten ausdr\u00fccklich den Kauf auf Rechnung an. Die Ihnen zur Verf\u00fcgung stehenden Zahlungsarten sind unter einer entsprechend bezeichneten Schaltfl\u00e4che im Online-Shop oder im jeweiligen Angebot ausgewiesen. Soweit bei den einzelnen Zahlungsarten nicht anders angegeben, sind die Zahlungsanspr\u00fcche sofort zur Zahlung f\u00e4llig.\n\n(3) Zus\u00e4tzlich zu den angegebenen Preisen k\u00f6nnen f\u00fcr die Lieferung von Produkten die aufgef\u00fchrten Versandkosten anfallen, sofern der jeweilige Artikel nicht als versandkostenfrei ausgewiesen ist. Die Versandkosten werden Ihnen im Warenkorbsystem und auf der Bestell\u00fcbersicht nochmals deutlich mitgeteilt.\n\n(4) Es bestehen die folgenden Liefergebietsbeschr\u00e4nkungen: Die Lieferung erfolgt in folgende L\u00e4nder: Belgien, Deutschland, D\u00e4nemark, Frankreich, Italien, Niederlande, Polen, \u00d6sterreich.\n<h3>\u00a7 5 Zur\u00fcckbehaltungsrecht, Eigentumsvorbehalt<\/h3>\n(1) Ein Zur\u00fcckbehaltungsrecht k\u00f6nnen Sie nur aus\u00fcben, soweit es sich um Forderungen aus demselben Vertragsverh\u00e4ltnis handelt.\n\n(2) Die Ware bleibt bis zur vollst\u00e4ndigen Zahlung des Kaufpreises unser Eigentum.\n<h3>\u00a7 6 Widerrufsrecht<\/h3>\nAls Verbraucher haben Sie ein Widerrufsrecht. Dieses richtet sich nach unserer <a href=\"http:\/\/javataste.de\/en\/widerrufsbelehrung\/\">Cancellation policy<\/a>.\n<h3>\u00a7 7 Haftung<\/h3>\n(1) Vorbehaltlich der nachfolgenden Ausnahmen ist unsere Haftung f\u00fcr vertragliche Pflichtverletzungen sowie aus unerlaubter Handlung auf Vorsatz oder grobe Fahrl\u00e4ssigkeit beschr\u00e4nkt.\n\n(2) Wir haften bei leichter Fahrl\u00e4ssigkeit im Falle der Verletzung des Lebens, des K\u00f6rpers, der Gesundheit oder bei Verletzung einer vertragswesentlichen Pflicht unbeschr\u00e4nkt. Wenn wir durch leichte Fahrl\u00e4ssigkeit mit der Leistung in Verzug geraten sind, wenn die Leistung unm\u00f6glich geworden ist oder wenn wir eine vertragswesentliche Pflicht verletzt haben, ist die Haftung f\u00fcr darauf zur\u00fcckzuf\u00fchrende Sach- und Verm\u00f6genssch\u00e4den auf den <strong>vertragstypisch vorhersehbaren Schaden<\/strong> begrenzt. Eine vertragswesentliche Pflicht ist eine solche, deren Erf\u00fcllung die ordnungsgem\u00e4\u00dfe Durchf\u00fchrung des Vertrages \u00fcberhaupt erst erm\u00f6glicht, deren Verletzung die Erreichung des Vertragszwecks gef\u00e4hrdet und auf deren Einhaltung Sie regelm\u00e4\u00dfig vertrauen d\u00fcrfen. Dazu geh\u00f6rt insbesondere unsere Pflicht zum T\u00e4tigwerden und der Erf\u00fcllung der vertraglich geschuldeten Leistung, die in \u00a7 3 beschrieben wird.\n\n(3) Die Inhalte unserer Webseite werden von uns mit gr\u00f6\u00dfter Sorgfalt erstellt und in regelm\u00e4\u00dfigen Abst\u00e4nden \u00fcberarbeitet. Trotzdem k\u00f6nnen wir keine Haftung f\u00fcr die Aktualit\u00e4t, Korrektheit, Vollst\u00e4ndigkeit oder Qualit\u00e4t der bereitgestellten Informationen \u00fcbernehmen. Im Falle einer unbeabsichtigten Copyrightverletzung wird das entsprechende Objekt unverz\u00fcglich nach Benachrichtigung von der Seite entfernt. Des Weiteren haften wir nicht f\u00fcr die Inhalte von Webseiten Dritter, auf die \u00fcber Hyperlink ein Zugriff zu oder von unserer Webseite besteht. F\u00fcr all diese Links gilt: Wir m\u00f6chten ausdr\u00fccklich betonen, dass wir keinerlei Einfluss auf die Gestaltung und die Inhalte der gelinkten Seiten haben. Deshalb distanzieren wir uns hiermit ausdr\u00fccklich von allen Inhalten aller gelinkten Seiten auf unserer Page. Diese Erkl\u00e4rung gilt f\u00fcr alle auf unserer Page ausgebrachten Links und f\u00fcr alle Inhalte der Seiten, zu denen die Banner (bzw. Links) f\u00fchren.\n<h3>\u00a7 8 Vertragssprache<\/h3>\nAls Vertragssprache steht ausschlie\u00dflich Deutsch zur Verf\u00fcgung.\n<h3>\u00a7 9&nbsp;Gew\u00e4hrleistung<\/h3>\n(1) Ist der K\u00e4ufer Unternehmer, geht die Gefahr des zuf\u00e4lligen Untergangs und der zuf\u00e4lligen Verschlechterung der Ware mit der \u00dcbergabe, beim Versendungskauf mit der Auslieferung der Sache an den Spediteur, den Frachtf\u00fchrer oder der sonst zur Ausf\u00fchrung der Versendung bestimmten Person oder Anstalt auf den K\u00e4ufer \u00fcber.\n\n(2) Ist der K\u00e4ufer Verbraucher, geht die Gefahr des zuf\u00e4lligen Untergangs und der zuf\u00e4lligen Verschlechterung der verkauften Sache auch beim Versendungskauf erst mit der \u00dcbergabe der Sache auf den K\u00e4ufer \u00fcber.\n\n(3) Der \u00dcbergabe steht es gleich, wenn der K\u00e4ufer im Verzug der Annahme ist.\n\n(4) Der ordnungsgem\u00e4\u00dfe Empfang der Waren ist dem ausliefernden Unternehmen zu quittieren. Im \u00dcbrigen bleiben die gesetzlichen Vorschriften unber\u00fchrt.\n\n(5) Unternehmer m\u00fcssen uns offensichtliche M\u00e4ngel innerhalb einer Frist von zwei Wochen ab Empfang der Ware schriftlich anzeigen; andernfalls ist die Geltendmachung des Gew\u00e4hrleistungsanspruchs ausgeschlossen. Zur Fristwahrung gen\u00fcgt die rechtzeitige Absendung. Den Unternehmer trifft die volle Beweislast f\u00fcr s\u00e4mtliche Anspruchsvoraussetzungen, insbesondere f\u00fcr den Mangel selbst, f\u00fcr den Zeitpunkt der Feststellung des Mangels und f\u00fcr die Rechtzeitigkeit der M\u00e4ngelr\u00fcge.\n\n(6) Verbraucher m\u00fcssen uns innerhalb einer Frist von zwei Monaten nach dem Zeitpunkt, zu dem der vertragswidrige Zustand der Ware festgestellt wurde, \u00fcber offensichtlich M\u00e4ngel schriftlich unterrichten. Ma\u00dfgeblich f\u00fcr die Wahrung der Frist ist der Zugang der Unterrichtung bei uns. Unterl\u00e4sst der Verbraucher die Unterrichtung, erl\u00f6schen die Gew\u00e4hrleistungsrechte zwei Monate nach seiner Feststellung des Mangels. Dies gilt nicht bei Arglist des Verk\u00e4ufers. Die Beweislast f\u00fcr den Zeitpunkt der Feststellung des Mangels trifft der Verbraucher. Wurde der Verbraucher durch unzutreffende Herstelleraussagen zum Kauf der Sache bewogen, trifft ihn f\u00fcr seine Kaufentscheidung die Beweislast. Bei gebrauchten G\u00fctern trifft den Verbraucher die Beweislast f\u00fcr die Mangelhaftigkeit der Sache.\n<h3>\u00a7 10&nbsp;Schlussbestimmungen\/Streitbeilegung<\/h3>\n(1) Es gilt deutsches Recht. Bei Verbrauchern gilt diese Rechtswahl nur, soweit hierdurch der durch zwingende Bestimmungen des Rechts des Staates des gew\u00f6hnlichen Aufenthaltes des Verbrauchers gew\u00e4hrte Schutz nicht entzogen wird (G\u00fcnstigkeitsprinzip).\n\n(2) Die Bestimmungen des UN-Kaufrechts finden ausdr\u00fccklich keine Anwendung.\n\n(3) Sofern es sich beim Kunden um einen Kaufmann, eine juristische Person des \u00f6ffentlichen Rechts oder um ein \u00f6ffentlich-rechtliches Sonderverm\u00f6gen handelt, ist Gerichtsstand f\u00fcr alle Streitigkeiten aus Vertragsverh\u00e4ltnissen zwischen dem Kunden und dem Anbieter der Sitz des Anbieters.\n\n(4) \n\nZur Teilnahme an einem Streitbeilegungsverfahren vor einer Verbraucherschlichtungsstelle sind wir nicht verpflichtet und nicht bereit.","protected":false},"excerpt":{"rendered":"<p>Allgemeine Gesch\u00e4ftsbedingungen \u00a7 1 Geltung, Begriffsdefinitionen (1) JaVaTaste Asian (Indonesian) Shop, Inh. Fara Dina Septiani Devi, Moritzstr. 43, D-65185 Wiesbaden, Deutschland (im Folgenden: \u201ewir\u201c oder \u201eJaVaTaste\u201c) betreibt unter der Webseite www.javataste.de einen Online-Shop f\u00fcr Waren. Die nachfolgenden allgemeinen Gesch\u00e4ftsbedingungen gelten f\u00fcr alle Leistungen zwischen uns und unseren Kunden (im Folgenden: \u201eKunde\u201c oder \u201eSie\u201c) in ihrer [&#8230;]","protected":false},"author":1,"featured_media":0,"parent":0,"menu_order":0,"comment_status":"closed","ping_status":"closed","template":"","meta":{"om_disable_all_campaigns":false,"_monsterinsights_skip_tracking":false,"_monsterinsights_sitenote_active":false,"_monsterinsights_sitenote_note":"","_monsterinsights_sitenote_category":0,"footnotes":""},"class_list":["post-427","page","type-page","status-publish","hentry"],"aioseo_notices":[],"_links":{"self":[{"href":"https:\/\/javataste.de\/en\/wp-json\/wp\/v2\/pages\/427","targetHints":{"allow":["GET"]}}],"collection":[{"href":"https:\/\/javataste.de\/en\/wp-json\/wp\/v2\/pages"}],"about":[{"href":"https:\/\/javataste.de\/en\/wp-json\/wp\/v2\/types\/page"}],"author":[{"embeddable":true,"href":"https:\/\/javataste.de\/en\/wp-json\/wp\/v2\/users\/1"}],"replies":[{"embeddable":true,"href":"https:\/\/javataste.de\/en\/wp-json\/wp\/v2\/comments?post=427"}],"version-history":[{"count":3,"href":"https:\/\/javataste.de\/en\/wp-json\/wp\/v2\/pages\/427\/revisions"}],"predecessor-version":[{"id":20216306,"href":"https:\/\/javataste.de\/en\/wp-json\/wp\/v2\/pages\/427\/revisions\/20216306"}],"wp:attachment":[{"href":"https:\/\/javataste.de\/en\/wp-json\/wp\/v2\/media?parent=427"}],"curies":[{"name":"wp","href":"https:\/\/api.w.org\/{rel}","templated":true}]}}